{"id":959,"date":"2022-11-06T13:49:27","date_gmt":"2022-11-06T13:49:27","guid":{"rendered":"https:\/\/thewayofshodo.com\/narrative\/"},"modified":"2022-11-15T11:16:26","modified_gmt":"2022-11-15T11:16:26","slug":"narrative","status":"publish","type":"page","link":"https:\/\/kotodamathewayofthemirror.com\/es\/narrative\/","title":{"rendered":"Narrative"},"content":{"rendered":"\n<div class=\"wp-block-group alignwide menu-pagina is-layout-constrained wp-block-group-is-layout-constrained\">\n<div role=\"navigation\" aria-label=\"Selector de idioma\" class=\"wpml-ls-statics-shortcode_actions wpml-ls wpml-ls-legacy-list-horizontal\">\n\t<ul><li class=\"wpml-ls-slot-shortcode_actions wpml-ls-item wpml-ls-item-en wpml-ls-first-item wpml-ls-item-legacy-list-horizontal\">\n\t\t\t\t<a href=\"https:\/\/kotodamathewayofthemirror.com\/\" hreflang=\"en\" lang=\"en\" class=\"wpml-ls-link\" aria-label=\"Cambiar a English\" title=\"Cambiar a English\">\n\t\t\t\t\t<span class=\"wpml-ls-native\">English<\/span><\/a>\n\t\t\t<\/li><li class=\"wpml-ls-slot-shortcode_actions wpml-ls-item wpml-ls-item-ja wpml-ls-last-item wpml-ls-item-legacy-list-horizontal\">\n\t\t\t\t<a href=\"https:\/\/kotodamathewayofthemirror.com\/ja\/\" hreflang=\"ja\" lang=\"ja\" class=\"wpml-ls-link\" aria-label=\"Cambiar a \u65e5\u672c\u8a9e\" title=\"Cambiar a \u65e5\u672c\u8a9e\">\n\t\t\t\t\t<span class=\"wpml-ls-native\">\u65e5\u672c\u8a9e<\/span><\/a>\n\t\t\t<\/li><\/ul>\n<\/div>\n\n\n\n<nav class=\"is-responsive items-justified-center menu-wos wp-block-navigation is-content-justification-center is-layout-flex wp-container-core-navigation-is-layout-a89b3969 wp-block-navigation-is-layout-flex\" aria-label=\"Navegacion es\" \n\t\t data-wp-interactive=\"core\/navigation\" data-wp-context='{\"overlayOpenedBy\":{\"click\":false,\"hover\":false,\"focus\":false},\"type\":\"overlay\",\"roleAttribute\":\"\",\"ariaLabel\":\"Men\\u00fa\"}'><button aria-haspopup=\"dialog\" aria-label=\"Abrir el men\u00fa\" class=\"wp-block-navigation__responsive-container-open always-shown\" \n\t\t\t\tdata-wp-on--click=\"actions.openMenuOnClick\"\n\t\t\t\tdata-wp-on--keydown=\"actions.handleMenuKeydown\"\n\t\t\t><svg width=\"24\" height=\"24\" xmlns=\"http:\/\/www.w3.org\/2000\/svg\" viewBox=\"0 0 24 24\" aria-hidden=\"true\" focusable=\"false\"><path d=\"M4 7.5h16v1.5H4z\"><\/path><path d=\"M4 15h16v1.5H4z\"><\/path><\/svg><\/button>\n\t\t\t\t<div class=\"wp-block-navigation__responsive-container hidden-by-default\"  id=\"modal-1\" \n\t\t\t\tdata-wp-class--has-modal-open=\"state.isMenuOpen\"\n\t\t\t\tdata-wp-class--is-menu-open=\"state.isMenuOpen\"\n\t\t\t\tdata-wp-watch=\"callbacks.initMenu\"\n\t\t\t\tdata-wp-on--keydown=\"actions.handleMenuKeydown\"\n\t\t\t\tdata-wp-on--focusout=\"actions.handleMenuFocusout\"\n\t\t\t\ttabindex=\"-1\"\n\t\t\t>\n\t\t\t\t\t<div class=\"wp-block-navigation__responsive-close\" tabindex=\"-1\">\n\t\t\t\t\t\t<div class=\"wp-block-navigation__responsive-dialog\" \n\t\t\t\tdata-wp-bind--aria-modal=\"state.ariaModal\"\n\t\t\t\tdata-wp-bind--aria-label=\"state.ariaLabel\"\n\t\t\t\tdata-wp-bind--role=\"state.roleAttribute\"\n\t\t\t>\n\t\t\t\t\t\t\t<button aria-label=\"Cerrar el men\u00fa\" class=\"wp-block-navigation__responsive-container-close\" \n\t\t\t\tdata-wp-on--click=\"actions.closeMenuOnClick\"\n\t\t\t><svg xmlns=\"http:\/\/www.w3.org\/2000\/svg\" viewBox=\"0 0 24 24\" width=\"24\" height=\"24\" aria-hidden=\"true\" focusable=\"false\"><path d=\"m13.06 12 6.47-6.47-1.06-1.06L12 10.94 5.53 4.47 4.47 5.53 10.94 12l-6.47 6.47 1.06 1.06L12 13.06l6.47 6.47 1.06-1.06L13.06 12Z\"><\/path><\/svg><\/button>\n\t\t\t\t\t\t\t<div class=\"wp-block-navigation__responsive-container-content\" \n\t\t\t\tdata-wp-watch=\"callbacks.focusFirstElement\"\n\t\t\t id=\"modal-1-content\">\n\t\t\t\t\t\t\t\t<ul class=\"wp-block-navigation__container is-responsive items-justified-center menu-wos wp-block-navigation\"><li class=\" wp-block-navigation-item wp-block-navigation-link\"><a class=\"wp-block-navigation-item__content\"  href=\"https:\/\/kotodamathewayofthemirror.com\/es\/\"><span class=\"wp-block-navigation-item__label\">Home<\/span><\/a><\/li><li class=\" wp-block-navigation-item wp-block-navigation-link\"><a class=\"wp-block-navigation-item__content\"  href=\"https:\/\/kotodamathewayofthemirror.com\/es\/narrative\/\"><span class=\"wp-block-navigation-item__label\">Narrativa<\/span><\/a><\/li><li class=\" wp-block-navigation-item wp-block-navigation-link\"><a class=\"wp-block-navigation-item__content\"  href=\"https:\/\/kotodamathewayofthemirror.com\/es\/the-crew\/\"><span class=\"wp-block-navigation-item__label\">El equipo<\/span><\/a><\/li><li class=\" wp-block-navigation-item wp-block-navigation-link\"><a class=\"wp-block-navigation-item__content\"  href=\"mailto:kotodamathewayofthemirror@gmail.com\"><span class=\"wp-block-navigation-item__label\">Contacto<\/span><\/a><\/li><\/ul>\n\t\t\t\t\t\t\t<\/div>\n\t\t\t\t\t\t<\/div>\n\t\t\t\t\t<\/div>\n\t\t\t\t<\/div><\/nav><\/div>\n\n\n\n<div class=\"wp-block-group alignfull is-layout-flow wp-block-group-is-layout-flow\">\n<div class=\"wp-block-jetpack-slideshow alignfull slider-narrative\" data-autoplay=\"true\" data-delay=\"5\" data-effect=\"fade\"><div class=\"wp-block-jetpack-slideshow_container swiper-container\"><ul class=\"wp-block-jetpack-slideshow_swiper-wrapper swiper-wrapper\"><li class=\"wp-block-jetpack-slideshow_slide swiper-slide\"><figure><img loading=\"lazy\" decoding=\"async\" width=\"2000\" height=\"1125\" alt=\"\" class=\"wp-block-jetpack-slideshow_image wp-image-446\" data-id=\"446\" src=\"https:\/\/kotodamathewayofthemirror.com\/wp-content\/uploads\/2022\/11\/wos-fondo-narrative-1.webp\" srcset=\"https:\/\/kotodamathewayofthemirror.com\/wp-content\/uploads\/2022\/11\/wos-fondo-narrative-1.webp 2000w, https:\/\/kotodamathewayofthemirror.com\/wp-content\/uploads\/2022\/11\/wos-fondo-narrative-1-300x169.webp 300w, https:\/\/kotodamathewayofthemirror.com\/wp-content\/uploads\/2022\/11\/wos-fondo-narrative-1-1024x576.webp 1024w, https:\/\/kotodamathewayofthemirror.com\/wp-content\/uploads\/2022\/11\/wos-fondo-narrative-1-768x432.webp 768w, https:\/\/kotodamathewayofthemirror.com\/wp-content\/uploads\/2022\/11\/wos-fondo-narrative-1-1536x864.webp 1536w\" sizes=\"(max-width: 2000px) 100vw, 2000px\" \/><figcaption class=\"wp-block-jetpack-slideshow_caption gallery-caption\">Inari K\u016bko es el nexo de uni\u00f3n entre dos mundos: el camino espiritual y el camino de la caligraf\u00eda. Veremos de su mano la naturaleza de la isla, los templos del Shikoku Henro, y asistiremos a su aprendizaje de la caligraf\u00eda, recorriendo los diferentes lugares y conociendo los artesanos asociados a los materiales necesarios para realizar la escritura.<\/figcaption><\/figure><\/li><li class=\"wp-block-jetpack-slideshow_slide swiper-slide\"><figure><img loading=\"lazy\" decoding=\"async\" width=\"2560\" height=\"1440\" alt=\"\" class=\"wp-block-jetpack-slideshow_image wp-image-614\" data-id=\"614\" src=\"https:\/\/kotodamathewayofthemirror.com\/wp-content\/uploads\/2022\/11\/wos-pic4-scaled.webp\" srcset=\"https:\/\/kotodamathewayofthemirror.com\/wp-content\/uploads\/2022\/11\/wos-pic4-scaled.webp 2560w, https:\/\/kotodamathewayofthemirror.com\/wp-content\/uploads\/2022\/11\/wos-pic4-300x169.webp 300w, https:\/\/kotodamathewayofthemirror.com\/wp-content\/uploads\/2022\/11\/wos-pic4-1024x576.webp 1024w, https:\/\/kotodamathewayofthemirror.com\/wp-content\/uploads\/2022\/11\/wos-pic4-768x432.webp 768w, https:\/\/kotodamathewayofthemirror.com\/wp-content\/uploads\/2022\/11\/wos-pic4-1536x864.webp 1536w, https:\/\/kotodamathewayofthemirror.com\/wp-content\/uploads\/2022\/11\/wos-pic4-2048x1152.webp 2048w\" sizes=\"(max-width: 2560px) 100vw, 2560px\" \/><figcaption class=\"wp-block-jetpack-slideshow_caption gallery-caption\">Su misi\u00f3n es libre: se basa en aprender y ayudar a lo largo de su camino, ya que sus poderes son los de traer bendiciones por donde pasa. Tendremos apariciones aprendiendo y realizando Shod\u014d, y escenas en las que har\u00e1 alg\u00fan truco de magia. Cabe destacar que la artista ser\u00e1 quien realice las entrevistas a los diferentes maestros cal\u00edgrafos, expertos en el camino y artesanos.<\/figcaption><\/figure><\/li><li class=\"wp-block-jetpack-slideshow_slide swiper-slide\"><figure><img loading=\"lazy\" decoding=\"async\" width=\"2560\" height=\"1440\" alt=\"\" class=\"wp-block-jetpack-slideshow_image wp-image-941\" data-id=\"941\" src=\"https:\/\/kotodamathewayofthemirror.com\/wp-content\/uploads\/2022\/11\/wos-fondo-narrative-5-scaled.webp\" srcset=\"https:\/\/kotodamathewayofthemirror.com\/wp-content\/uploads\/2022\/11\/wos-fondo-narrative-5-scaled.webp 2560w, https:\/\/kotodamathewayofthemirror.com\/wp-content\/uploads\/2022\/11\/wos-fondo-narrative-5-300x169.webp 300w, https:\/\/kotodamathewayofthemirror.com\/wp-content\/uploads\/2022\/11\/wos-fondo-narrative-5-1024x576.webp 1024w, https:\/\/kotodamathewayofthemirror.com\/wp-content\/uploads\/2022\/11\/wos-fondo-narrative-5-768x432.webp 768w, https:\/\/kotodamathewayofthemirror.com\/wp-content\/uploads\/2022\/11\/wos-fondo-narrative-5-1536x864.webp 1536w, https:\/\/kotodamathewayofthemirror.com\/wp-content\/uploads\/2022\/11\/wos-fondo-narrative-5-2048x1152.webp 2048w\" sizes=\"(max-width: 2560px) 100vw, 2560px\" \/><figcaption class=\"wp-block-jetpack-slideshow_caption gallery-caption\">Porta una c\u00e1mara Super 8 mm, con la que cubre su viaje y experiencia: Meta-K\u016bko. As\u00ed nos dar\u00e1 su visi\u00f3n de lo vivido, por lo que obtendremos dos miradas del camino: una omnipotente y m\u00e1s acad\u00e9mica que la retrata a ella; y otra art\u00edstica y subjetiva de la propia Inari.<\/figcaption><\/figure><\/li><li class=\"wp-block-jetpack-slideshow_slide swiper-slide\"><figure><img loading=\"lazy\" decoding=\"async\" width=\"2560\" height=\"1440\" alt=\"\" class=\"wp-block-jetpack-slideshow_image wp-image-937\" data-id=\"937\" src=\"https:\/\/kotodamathewayofthemirror.com\/wp-content\/uploads\/2022\/11\/wos-fondo-narrative-4-scaled.webp\" srcset=\"https:\/\/kotodamathewayofthemirror.com\/wp-content\/uploads\/2022\/11\/wos-fondo-narrative-4-scaled.webp 2560w, https:\/\/kotodamathewayofthemirror.com\/wp-content\/uploads\/2022\/11\/wos-fondo-narrative-4-300x169.webp 300w, https:\/\/kotodamathewayofthemirror.com\/wp-content\/uploads\/2022\/11\/wos-fondo-narrative-4-1024x576.webp 1024w, https:\/\/kotodamathewayofthemirror.com\/wp-content\/uploads\/2022\/11\/wos-fondo-narrative-4-768x432.webp 768w, https:\/\/kotodamathewayofthemirror.com\/wp-content\/uploads\/2022\/11\/wos-fondo-narrative-4-1536x864.webp 1536w, https:\/\/kotodamathewayofthemirror.com\/wp-content\/uploads\/2022\/11\/wos-fondo-narrative-4-2048x1152.webp 2048w\" sizes=\"(max-width: 2560px) 100vw, 2560px\" \/><figcaption class=\"wp-block-jetpack-slideshow_caption gallery-caption\">As\u00ed, la fotograf\u00eda que utilizaremos para enmarcar a la artista ser\u00e1 sutil, misteriosa, con juegos de reflejos, enso\u00f1aciones, insinuando su figura y nunca terminaremos de ver su cara; mientras la que ella realiza ser\u00e1 m\u00e1s experimental jugando con pel\u00edculas anal\u00f3gicas antiguas. Buscar\u00e1 aparentes \u00aberrores\u00bb, virados peculiares de color, juegos de desenfoques con lentes manuales y toda una serie de recursos que pueden considerarse \u00abvintage\u00bb o \u00abnostalgicos\u00bb en sus captaciones.<\/figcaption><\/figure><\/li><\/ul><a class=\"wp-block-jetpack-slideshow_button-prev swiper-button-prev swiper-button-white\" role=\"button\"><\/a><a class=\"wp-block-jetpack-slideshow_button-next swiper-button-next swiper-button-white\" role=\"button\"><\/a><a aria-label=\"Pause Slideshow\" class=\"wp-block-jetpack-slideshow_button-pause\" role=\"button\"><\/a><div class=\"wp-block-jetpack-slideshow_pagination swiper-pagination swiper-pagination-white\"><\/div><\/div><\/div>\n\n\n\n<div class=\"wp-block-group alignfull is-layout-flow wp-block-group-is-layout-flow\" style=\"padding-top:0;padding-right:0;padding-bottom:0;padding-left:0\">\n<div class=\"wp-block-columns col-foot-lang is-layout-flex wp-container-core-columns-is-layout-28f84493 wp-block-columns-is-layout-flex\">\n<div class=\"wp-block-column is-vertically-aligned-center is-layout-flow wp-block-column-is-layout-flow\">\n<p class=\"has-text-align-left has-background-color has-text-color has-small-font-size\">Kotodama El camino del espejo\u00ae<\/p>\n<\/div>\n\n\n\n<div class=\"wp-block-column is-layout-flow wp-block-column-is-layout-flow\">\n<ul class=\"wp-block-social-links has-icon-color is-style-logos-only is-content-justification-right is-layout-flex wp-container-core-social-links-is-layout-d445cf74 wp-block-social-links-is-layout-flex\"><li style=\"color:#ffffff;\" class=\"wp-social-link wp-social-link-instagram has-background-color wp-block-social-link\"><a href=\"https:\/\/www.instagram.com\/kotodamathewayofthemirror\/\" class=\"wp-block-social-link-anchor\"><svg width=\"24\" height=\"24\" viewBox=\"0 0 24 24\" version=\"1.1\" xmlns=\"http:\/\/www.w3.org\/2000\/svg\" aria-hidden=\"true\" focusable=\"false\"><path d=\"M12,4.622c2.403,0,2.688,0.009,3.637,0.052c0.877,0.04,1.354,0.187,1.671,0.31c0.42,0.163,0.72,0.358,1.035,0.673 c0.315,0.315,0.51,0.615,0.673,1.035c0.123,0.317,0.27,0.794,0.31,1.671c0.043,0.949,0.052,1.234,0.052,3.637 s-0.009,2.688-0.052,3.637c-0.04,0.877-0.187,1.354-0.31,1.671c-0.163,0.42-0.358,0.72-0.673,1.035 c-0.315,0.315-0.615,0.51-1.035,0.673c-0.317,0.123-0.794,0.27-1.671,0.31c-0.949,0.043-1.233,0.052-3.637,0.052 s-2.688-0.009-3.637-0.052c-0.877-0.04-1.354-0.187-1.671-0.31c-0.42-0.163-0.72-0.358-1.035-0.673 c-0.315-0.315-0.51-0.615-0.673-1.035c-0.123-0.317-0.27-0.794-0.31-1.671C4.631,14.688,4.622,14.403,4.622,12 s0.009-2.688,0.052-3.637c0.04-0.877,0.187-1.354,0.31-1.671c0.163-0.42,0.358-0.72,0.673-1.035 c0.315-0.315,0.615-0.51,1.035-0.673c0.317-0.123,0.794-0.27,1.671-0.31C9.312,4.631,9.597,4.622,12,4.622 M12,3 C9.556,3,9.249,3.01,8.289,3.054C7.331,3.098,6.677,3.25,6.105,3.472C5.513,3.702,5.011,4.01,4.511,4.511 c-0.5,0.5-0.808,1.002-1.038,1.594C3.25,6.677,3.098,7.331,3.054,8.289C3.01,9.249,3,9.556,3,12c0,2.444,0.01,2.751,0.054,3.711 c0.044,0.958,0.196,1.612,0.418,2.185c0.23,0.592,0.538,1.094,1.038,1.594c0.5,0.5,1.002,0.808,1.594,1.038 c0.572,0.222,1.227,0.375,2.185,0.418C9.249,20.99,9.556,21,12,21s2.751-0.01,3.711-0.054c0.958-0.044,1.612-0.196,2.185-0.418 c0.592-0.23,1.094-0.538,1.594-1.038c0.5-0.5,0.808-1.002,1.038-1.594c0.222-0.572,0.375-1.227,0.418-2.185 C20.99,14.751,21,14.444,21,12s-0.01-2.751-0.054-3.711c-0.044-0.958-0.196-1.612-0.418-2.185c-0.23-0.592-0.538-1.094-1.038-1.594 c-0.5-0.5-1.002-0.808-1.594-1.038c-0.572-0.222-1.227-0.375-2.185-0.418C14.751,3.01,14.444,3,12,3L12,3z M12,7.378 c-2.552,0-4.622,2.069-4.622,4.622S9.448,16.622,12,16.622s4.622-2.069,4.622-4.622S14.552,7.378,12,7.378z M12,15 c-1.657,0-3-1.343-3-3s1.343-3,3-3s3,1.343,3,3S13.657,15,12,15z M16.804,6.116c-0.596,0-1.08,0.484-1.08,1.08 s0.484,1.08,1.08,1.08c0.596,0,1.08-0.484,1.08-1.08S17.401,6.116,16.804,6.116z\"><\/path><\/svg><span class=\"wp-block-social-link-label screen-reader-text\">Instagram<\/span><\/a><\/li>\n\n<li style=\"color:#ffffff;\" class=\"wp-social-link wp-social-link-youtube has-background-color wp-block-social-link\"><a href=\"https:\/\/www.youtube.com\/@kotodamathewayofthemirror\" class=\"wp-block-social-link-anchor\"><svg width=\"24\" height=\"24\" viewBox=\"0 0 24 24\" version=\"1.1\" xmlns=\"http:\/\/www.w3.org\/2000\/svg\" aria-hidden=\"true\" focusable=\"false\"><path d=\"M21.8,8.001c0,0-0.195-1.378-0.795-1.985c-0.76-0.797-1.613-0.801-2.004-0.847c-2.799-0.202-6.997-0.202-6.997-0.202 h-0.009c0,0-4.198,0-6.997,0.202C4.608,5.216,3.756,5.22,2.995,6.016C2.395,6.623,2.2,8.001,2.2,8.001S2,9.62,2,11.238v1.517 c0,1.618,0.2,3.237,0.2,3.237s0.195,1.378,0.795,1.985c0.761,0.797,1.76,0.771,2.205,0.855c1.6,0.153,6.8,0.201,6.8,0.201 s4.203-0.006,7.001-0.209c0.391-0.047,1.243-0.051,2.004-0.847c0.6-0.607,0.795-1.985,0.795-1.985s0.2-1.618,0.2-3.237v-1.517 C22,9.62,21.8,8.001,21.8,8.001z M9.935,14.594l-0.001-5.62l5.404,2.82L9.935,14.594z\"><\/path><\/svg><span class=\"wp-block-social-link-label screen-reader-text\">YouTube<\/span><\/a><\/li>\n\n<li style=\"color:#ffffff;\" class=\"wp-social-link wp-social-link-mail has-background-color wp-block-social-link\"><a href=\"mailto:%20info@kotodamaproject.com\" class=\"wp-block-social-link-anchor\"><svg width=\"24\" height=\"24\" viewBox=\"0 0 24 24\" version=\"1.1\" xmlns=\"http:\/\/www.w3.org\/2000\/svg\" aria-hidden=\"true\" focusable=\"false\"><path d=\"M19,5H5c-1.1,0-2,.9-2,2v10c0,1.1.9,2,2,2h14c1.1,0,2-.9,2-2V7c0-1.1-.9-2-2-2zm.5,12c0,.3-.2.5-.5.5H5c-.3,0-.5-.2-.5-.5V9.8l7.5,5.6,7.5-5.6V17zm0-9.1L12,13.6,4.5,7.9V7c0-.3.2-.5.5-.5h14c.3,0,.5.2.5.5v.9z\"><\/path><\/svg><span class=\"wp-block-social-link-label screen-reader-text\">Correo electr\u00f3nico<\/span><\/a><\/li><\/ul>\n<\/div>\n<\/div>\n<\/div>\n<\/div>\n\n\n\n<p><\/p>\n","protected":false},"excerpt":{"rendered":"","protected":false},"author":1,"featured_media":0,"parent":0,"menu_order":0,"comment_status":"closed","ping_status":"closed","template":"","meta":{"footnotes":""},"class_list":["post-959","page","type-page","status-publish","hentry"],"yoast_head":"<!-- This site is optimized with the Yoast SEO plugin v27.1.1 - https:\/\/yoast.com\/product\/yoast-seo-wordpress\/ -->\n<title>Narrative - Kotodama The way of the mirror<\/title>\n<meta name=\"robots\" content=\"index, follow, max-snippet:-1, max-image-preview:large, max-video-preview:-1\" \/>\n<link rel=\"canonical\" href=\"https:\/\/kotodamathewayofthemirror.com\/es\/narrative\/\" \/>\n<meta property=\"og:locale\" content=\"es_ES\" \/>\n<meta property=\"og:type\" content=\"article\" \/>\n<meta property=\"og:title\" content=\"Narrativa - The way of Shod\u014d\" \/>\n<meta property=\"og:url\" content=\"https:\/\/kotodamathewayofthemirror.com\/es\/narrative\/\" \/>\n<meta property=\"og:site_name\" content=\"Kotodama The way of the mirror\" \/>\n<meta property=\"article:modified_time\" content=\"2022-11-15T11:16:26+00:00\" \/>\n<meta property=\"og:image\" content=\"https:\/\/kotodamathewayofthemirror.com\/wp-content\/uploads\/2022\/11\/wos-pic4-scaled.webp\" \/>\n\t<meta property=\"og:image:width\" content=\"2560\" \/>\n\t<meta property=\"og:image:height\" content=\"1440\" \/>\n\t<meta property=\"og:image:type\" content=\"image\/webp\" \/>\n<meta name=\"twitter:card\" content=\"summary_large_image\" \/>\n<meta name=\"twitter:title\" content=\"Narrativa - The way of Shod\u014d\" \/>\n<meta name=\"twitter:image\" content=\"https:\/\/kotodamathewayofthemirror.com\/wp-content\/uploads\/2022\/11\/wos-pic4-scaled.webp\" \/>\n<meta name=\"twitter:label1\" content=\"Tiempo de lectura\" \/>\n\t<meta name=\"twitter:data1\" content=\"2 minutos\" \/>\n<script type=\"application\/ld+json\" class=\"yoast-schema-graph\">{\"@context\":\"https:\/\/schema.org\",\"@graph\":[{\"@type\":\"WebPage\",\"@id\":\"https:\/\/kotodamathewayofthemirror.com\/es\/narrative\/\",\"url\":\"https:\/\/kotodamathewayofthemirror.com\/es\/narrative\/\",\"name\":\"Narrative - Kotodama The way of the mirror\",\"isPartOf\":{\"@id\":\"https:\/\/kotodamathewayofthemirror.com\/#website\"},\"primaryImageOfPage\":{\"@id\":\"https:\/\/kotodamathewayofthemirror.com\/es\/narrative\/#primaryimage\"},\"image\":{\"@id\":\"https:\/\/kotodamathewayofthemirror.com\/es\/narrative\/#primaryimage\"},\"thumbnailUrl\":\"https:\/\/kotodamathewayofthemirror.com\/wp-content\/uploads\/2022\/11\/wos-fondo-narrative-1.webp\",\"datePublished\":\"2022-11-06T13:49:27+00:00\",\"dateModified\":\"2022-11-15T11:16:26+00:00\",\"breadcrumb\":{\"@id\":\"https:\/\/kotodamathewayofthemirror.com\/es\/narrative\/#breadcrumb\"},\"inLanguage\":\"es\",\"potentialAction\":[{\"@type\":\"ReadAction\",\"target\":[\"https:\/\/kotodamathewayofthemirror.com\/es\/narrative\/\"]}]},{\"@type\":\"ImageObject\",\"inLanguage\":\"es\",\"@id\":\"https:\/\/kotodamathewayofthemirror.com\/es\/narrative\/#primaryimage\",\"url\":\"https:\/\/kotodamathewayofthemirror.com\/wp-content\/uploads\/2022\/11\/wos-fondo-narrative-1.webp\",\"contentUrl\":\"https:\/\/kotodamathewayofthemirror.com\/wp-content\/uploads\/2022\/11\/wos-fondo-narrative-1.webp\"},{\"@type\":\"BreadcrumbList\",\"@id\":\"https:\/\/kotodamathewayofthemirror.com\/es\/narrative\/#breadcrumb\",\"itemListElement\":[{\"@type\":\"ListItem\",\"position\":1,\"name\":\"Home\",\"item\":\"https:\/\/kotodamathewayofthemirror.com\/es\/\"},{\"@type\":\"ListItem\",\"position\":2,\"name\":\"Narrative\"}]},{\"@type\":\"WebSite\",\"@id\":\"https:\/\/kotodamathewayofthemirror.com\/#website\",\"url\":\"https:\/\/kotodamathewayofthemirror.com\/\",\"name\":\"Kotodama, The way of the mirror\",\"description\":\"By journeying along the route of the 88 temples, a spiritual path that is connected with the Camino de Santiago, we demonstrate how the practice of Shod\u014d serves as both an art form and a means for personal development.\",\"publisher\":{\"@id\":\"https:\/\/kotodamathewayofthemirror.com\/#organization\"},\"potentialAction\":[{\"@type\":\"SearchAction\",\"target\":{\"@type\":\"EntryPoint\",\"urlTemplate\":\"https:\/\/kotodamathewayofthemirror.com\/?s={search_term_string}\"},\"query-input\":{\"@type\":\"PropertyValueSpecification\",\"valueRequired\":true,\"valueName\":\"search_term_string\"}}],\"inLanguage\":\"es\"},{\"@type\":\"Organization\",\"@id\":\"https:\/\/kotodamathewayofthemirror.com\/#organization\",\"name\":\"Kotodama project\",\"url\":\"https:\/\/kotodamathewayofthemirror.com\/\",\"logo\":{\"@type\":\"ImageObject\",\"inLanguage\":\"es\",\"@id\":\"https:\/\/kotodamathewayofthemirror.com\/#\/schema\/logo\/image\/\",\"url\":\"https:\/\/kotodamathewayofthemirror.com\/wp-content\/uploads\/2023\/03\/Seo-Home.jpg\",\"contentUrl\":\"https:\/\/kotodamathewayofthemirror.com\/wp-content\/uploads\/2023\/03\/Seo-Home.jpg\",\"width\":1200,\"height\":630,\"caption\":\"Kotodama project\"},\"image\":{\"@id\":\"https:\/\/kotodamathewayofthemirror.com\/#\/schema\/logo\/image\/\"},\"sameAs\":[\"https:\/\/www.instagram.com\/kotodamathewayofthemirror\/\",\"https:\/\/www.youtube.com\/@kotodamathewayofthemirror\"]}]}<\/script>\n<!-- \/ Yoast SEO plugin. -->","yoast_head_json":{"title":"Narrative - Kotodama The way of the mirror","robots":{"index":"index","follow":"follow","max-snippet":"max-snippet:-1","max-image-preview":"max-image-preview:large","max-video-preview":"max-video-preview:-1"},"canonical":"https:\/\/kotodamathewayofthemirror.com\/es\/narrative\/","og_locale":"es_ES","og_type":"article","og_title":"Narrativa - The way of Shod\u014d","og_url":"https:\/\/kotodamathewayofthemirror.com\/es\/narrative\/","og_site_name":"Kotodama The way of the mirror","article_modified_time":"2022-11-15T11:16:26+00:00","og_image":[{"width":2560,"height":1440,"url":"https:\/\/kotodamathewayofthemirror.com\/wp-content\/uploads\/2022\/11\/wos-pic4-scaled.webp","type":"image\/webp"}],"twitter_card":"summary_large_image","twitter_title":"Narrativa - The way of Shod\u014d","twitter_image":"https:\/\/kotodamathewayofthemirror.com\/wp-content\/uploads\/2022\/11\/wos-pic4-scaled.webp","twitter_misc":{"Tiempo de lectura":"2 minutos"},"schema":{"@context":"https:\/\/schema.org","@graph":[{"@type":"WebPage","@id":"https:\/\/kotodamathewayofthemirror.com\/es\/narrative\/","url":"https:\/\/kotodamathewayofthemirror.com\/es\/narrative\/","name":"Narrative - Kotodama The way of the mirror","isPartOf":{"@id":"https:\/\/kotodamathewayofthemirror.com\/#website"},"primaryImageOfPage":{"@id":"https:\/\/kotodamathewayofthemirror.com\/es\/narrative\/#primaryimage"},"image":{"@id":"https:\/\/kotodamathewayofthemirror.com\/es\/narrative\/#primaryimage"},"thumbnailUrl":"https:\/\/kotodamathewayofthemirror.com\/wp-content\/uploads\/2022\/11\/wos-fondo-narrative-1.webp","datePublished":"2022-11-06T13:49:27+00:00","dateModified":"2022-11-15T11:16:26+00:00","breadcrumb":{"@id":"https:\/\/kotodamathewayofthemirror.com\/es\/narrative\/#breadcrumb"},"inLanguage":"es","potentialAction":[{"@type":"ReadAction","target":["https:\/\/kotodamathewayofthemirror.com\/es\/narrative\/"]}]},{"@type":"ImageObject","inLanguage":"es","@id":"https:\/\/kotodamathewayofthemirror.com\/es\/narrative\/#primaryimage","url":"https:\/\/kotodamathewayofthemirror.com\/wp-content\/uploads\/2022\/11\/wos-fondo-narrative-1.webp","contentUrl":"https:\/\/kotodamathewayofthemirror.com\/wp-content\/uploads\/2022\/11\/wos-fondo-narrative-1.webp"},{"@type":"BreadcrumbList","@id":"https:\/\/kotodamathewayofthemirror.com\/es\/narrative\/#breadcrumb","itemListElement":[{"@type":"ListItem","position":1,"name":"Home","item":"https:\/\/kotodamathewayofthemirror.com\/es\/"},{"@type":"ListItem","position":2,"name":"Narrative"}]},{"@type":"WebSite","@id":"https:\/\/kotodamathewayofthemirror.com\/#website","url":"https:\/\/kotodamathewayofthemirror.com\/","name":"Kotodama, The way of the mirror","description":"By journeying along the route of the 88 temples, a spiritual path that is connected with the Camino de Santiago, we demonstrate how the practice of Shod\u014d serves as both an art form and a means for personal development.","publisher":{"@id":"https:\/\/kotodamathewayofthemirror.com\/#organization"},"potentialAction":[{"@type":"SearchAction","target":{"@type":"EntryPoint","urlTemplate":"https:\/\/kotodamathewayofthemirror.com\/?s={search_term_string}"},"query-input":{"@type":"PropertyValueSpecification","valueRequired":true,"valueName":"search_term_string"}}],"inLanguage":"es"},{"@type":"Organization","@id":"https:\/\/kotodamathewayofthemirror.com\/#organization","name":"Kotodama project","url":"https:\/\/kotodamathewayofthemirror.com\/","logo":{"@type":"ImageObject","inLanguage":"es","@id":"https:\/\/kotodamathewayofthemirror.com\/#\/schema\/logo\/image\/","url":"https:\/\/kotodamathewayofthemirror.com\/wp-content\/uploads\/2023\/03\/Seo-Home.jpg","contentUrl":"https:\/\/kotodamathewayofthemirror.com\/wp-content\/uploads\/2023\/03\/Seo-Home.jpg","width":1200,"height":630,"caption":"Kotodama project"},"image":{"@id":"https:\/\/kotodamathewayofthemirror.com\/#\/schema\/logo\/image\/"},"sameAs":["https:\/\/www.instagram.com\/kotodamathewayofthemirror\/","https:\/\/www.youtube.com\/@kotodamathewayofthemirror"]}]}},"jetpack_sharing_enabled":true,"_links":{"self":[{"href":"https:\/\/kotodamathewayofthemirror.com\/es\/wp-json\/wp\/v2\/pages\/959","targetHints":{"allow":["GET"]}}],"collection":[{"href":"https:\/\/kotodamathewayofthemirror.com\/es\/wp-json\/wp\/v2\/pages"}],"about":[{"href":"https:\/\/kotodamathewayofthemirror.com\/es\/wp-json\/wp\/v2\/types\/page"}],"author":[{"embeddable":true,"href":"https:\/\/kotodamathewayofthemirror.com\/es\/wp-json\/wp\/v2\/users\/1"}],"replies":[{"embeddable":true,"href":"https:\/\/kotodamathewayofthemirror.com\/es\/wp-json\/wp\/v2\/comments?post=959"}],"version-history":[{"count":5,"href":"https:\/\/kotodamathewayofthemirror.com\/es\/wp-json\/wp\/v2\/pages\/959\/revisions"}],"predecessor-version":[{"id":969,"href":"https:\/\/kotodamathewayofthemirror.com\/es\/wp-json\/wp\/v2\/pages\/959\/revisions\/969"}],"wp:attachment":[{"href":"https:\/\/kotodamathewayofthemirror.com\/es\/wp-json\/wp\/v2\/media?parent=959"}],"curies":[{"name":"wp","href":"https:\/\/api.w.org\/{rel}","templated":true}]}}